{"id":1660,"date":"2025-06-25T10:03:44","date_gmt":"2025-06-25T10:03:44","guid":{"rendered":"https:\/\/eu-almpo.eu\/o-nas\/"},"modified":"2025-11-20T12:18:09","modified_gmt":"2025-11-20T12:18:09","slug":"o-nas","status":"publish","type":"page","link":"https:\/\/eu-almpo.eu\/pl\/o-nas\/","title":{"rendered":"O nas"},"content":{"rendered":"\t\t<div data-elementor-type=\"wp-page\" data-elementor-id=\"1660\" class=\"elementor elementor-1660 elementor-257\" data-elementor-post-type=\"page\">\n\t\t\t\t<div class=\"elementor-element elementor-element-a4de8f6 e-flex e-con-boxed e-con e-parent\" data-id=\"a4de8f6\" data-element_type=\"container\">\n\t\t\t\t\t<div class=\"e-con-inner\">\n\t\t\t\t<div class=\"elementor-element elementor-element-9522d5c elementor-widget elementor-widget-spacer\" data-id=\"9522d5c\" data-element_type=\"widget\" data-widget_type=\"spacer.default\">\n\t\t\t\t<div class=\"elementor-widget-container\">\n\t\t\t\t\t\t\t<div class=\"elementor-spacer\">\n\t\t\t<div class=\"elementor-spacer-inner\"><\/div>\n\t\t<\/div>\n\t\t\t\t\t\t<\/div>\n\t\t\t\t<\/div>\n\t\t\t\t<div class=\"elementor-element elementor-element-b919c0d elementor-widget elementor-widget-heading\" data-id=\"b919c0d\" data-element_type=\"widget\" data-widget_type=\"heading.default\">\n\t\t\t\t<div class=\"elementor-widget-container\">\n\t\t\t\t\t<h2 class=\"elementor-heading-title elementor-size-default\">O projekcie<\/h2>\t\t\t\t<\/div>\n\t\t\t\t<\/div>\n\t\t\t\t<div class=\"elementor-element elementor-element-10bcd02 elementor-widget elementor-widget-spacer\" data-id=\"10bcd02\" data-element_type=\"widget\" data-widget_type=\"spacer.default\">\n\t\t\t\t<div class=\"elementor-widget-container\">\n\t\t\t\t\t\t\t<div class=\"elementor-spacer\">\n\t\t\t<div class=\"elementor-spacer-inner\"><\/div>\n\t\t<\/div>\n\t\t\t\t\t\t<\/div>\n\t\t\t\t<\/div>\n\t\t\t\t\t<\/div>\n\t\t\t\t<\/div>\n\t\t<div class=\"elementor-element elementor-element-89c8460 e-flex e-con-boxed e-con e-parent\" data-id=\"89c8460\" data-element_type=\"container\">\n\t\t\t\t\t<div class=\"e-con-inner\">\n\t\t<div class=\"elementor-element elementor-element-251a459 e-con-full e-flex e-con e-child\" data-id=\"251a459\" data-element_type=\"container\">\n\t\t\t\t<div class=\"elementor-element elementor-element-6f84984 elementor-widget elementor-widget-image\" data-id=\"6f84984\" data-element_type=\"widget\" data-widget_type=\"image.default\">\n\t\t\t\t<div class=\"elementor-widget-container\">\n\t\t\t\t\t\t\t\t\t\t\t\t\t\t\t<img fetchpriority=\"high\" decoding=\"async\" width=\"297\" height=\"387\" src=\"https:\/\/eu-almpo.eu\/wp-content\/uploads\/2025\/02\/about1.svg\" class=\"attachment-full size-full wp-image-1226\" alt=\"\" \/>\t\t\t\t\t\t\t\t\t\t\t\t\t\t\t<\/div>\n\t\t\t\t<\/div>\n\t\t\t\t<\/div>\n\t\t<div class=\"elementor-element elementor-element-b0c4ac3 e-con-full e-flex e-con e-child\" data-id=\"b0c4ac3\" data-element_type=\"container\">\n\t\t\t\t<div class=\"elementor-element elementor-element-414f139 elementor-widget elementor-widget-heading\" data-id=\"414f139\" data-element_type=\"widget\" data-widget_type=\"heading.default\">\n\t\t\t\t<div class=\"elementor-widget-container\">\n\t\t\t\t\t<h2 class=\"elementor-heading-title elementor-size-default\">Cel<\/h2>\t\t\t\t<\/div>\n\t\t\t\t<\/div>\n\t\t\t\t<div class=\"elementor-element elementor-element-10687ce elementor-widget elementor-widget-text-editor\" data-id=\"10687ce\" data-element_type=\"widget\" data-widget_type=\"text-editor.default\">\n\t\t\t\t<div class=\"elementor-widget-container\">\n\t\t\t\t\t\t\t\t\t<p>EU ALMP Observatory (EU-ALMPO) to nowa inicjatywa maj\u0105ca na celu popraw\u0119 rozwoju, wdra\u017cania i oceny aktywnych polityk rynku pracy (ALMP) w pa\u0144stwach cz\u0142onkowskich UE. Jej celem jest wyeliminowanie istniej\u0105cych niedoci\u0105gni\u0119\u0107 w interwencjach na rynku pracy poprzez zapewnienie scentralizowanych ram dla decydent\u00f3w. Obserwatorium b\u0119dzie wykorzystywa\u0107 zaawansowane narz\u0119dzia sztucznej inteligencji i scentralizowan\u0105 platform\u0119 informatyczn\u0105, aby wspiera\u0107 badaczy i specjalist\u00f3w rynku pracy w tworzeniu bardziej skutecznych, innowacyjnych i integracyjnych ALMP. Integruj\u0105c najnowocze\u015bniejsze technologie i spostrze\u017cenia ekspert\u00f3w, ma na celu zwi\u0119kszenie integracji rynku pracy, rozw\u00f3j umiej\u0119tno\u015bci &#8211; zw\u0142aszcza w przypadku grup Docelowo, EU-ALMPO ma sta\u0107 si\u0119 kluczowym zasobem dla polityki rynku pracy w ca\u0142ej UE.<\/p>\n\t\t\t\t\t\t\t\t<\/div>\n\t\t\t\t<\/div>\n\t\t\t\t<\/div>\n\t\t\t\t\t<\/div>\n\t\t\t\t<\/div>\n\t\t<div class=\"elementor-element elementor-element-1144a0a e-flex e-con-boxed e-con e-parent\" data-id=\"1144a0a\" data-element_type=\"container\">\n\t\t\t\t\t<div class=\"e-con-inner\">\n\t\t\t\t<div class=\"elementor-element elementor-element-7f713fa elementor-widget elementor-widget-spacer\" data-id=\"7f713fa\" data-element_type=\"widget\" data-widget_type=\"spacer.default\">\n\t\t\t\t<div class=\"elementor-widget-container\">\n\t\t\t\t\t\t\t<div class=\"elementor-spacer\">\n\t\t\t<div class=\"elementor-spacer-inner\"><\/div>\n\t\t<\/div>\n\t\t\t\t\t\t<\/div>\n\t\t\t\t<\/div>\n\t\t\t\t\t<\/div>\n\t\t\t\t<\/div>\n\t\t<div class=\"elementor-element elementor-element-865246e e-flex e-con-boxed e-con e-parent\" data-id=\"865246e\" data-element_type=\"container\">\n\t\t\t\t\t<div class=\"e-con-inner\">\n\t\t<div class=\"elementor-element elementor-element-7e675ee e-con-full e-flex e-con e-child\" data-id=\"7e675ee\" data-element_type=\"container\" data-settings=\"{&quot;background_background&quot;:&quot;classic&quot;}\">\n\t\t<div class=\"elementor-element elementor-element-c1cc487 e-con-full e-flex e-con e-child\" data-id=\"c1cc487\" data-element_type=\"container\">\n\t\t\t\t<div class=\"elementor-element elementor-element-58277dc elementor-hidden-mobile elementor-widget elementor-widget-heading\" data-id=\"58277dc\" data-element_type=\"widget\" data-widget_type=\"heading.default\">\n\t\t\t\t<div class=\"elementor-widget-container\">\n\t\t\t\t\t<h2 class=\"elementor-heading-title elementor-size-default\">Wyzwanie<\/h2>\t\t\t\t<\/div>\n\t\t\t\t<\/div>\n\t\t\t\t<div class=\"elementor-element elementor-element-640c19f elementor-widget__width-initial elementor-widget elementor-widget-text-editor\" data-id=\"640c19f\" data-element_type=\"widget\" data-widget_type=\"text-editor.default\">\n\t\t\t\t<div class=\"elementor-widget-container\">\n\t\t\t\t\t\t\t\t\t<p>Wyzwaniem dla projektu EU-ALMPO jest zaj\u0119cie si\u0119 z\u0142o\u017cono\u015bci\u0105 i skuteczno\u015bci\u0105 aktywnych polityk rynku pracy (ALMP) oraz po\u0142\u0105czenie najnowocze\u015bniejszych spostrze\u017ce\u0144 opartych na sztucznej inteligencji z ludzk\u0105 wiedz\u0105 i wsp\u00f3\u0142prac\u0105 zainteresowanych stron w celu stworzenia bardziej skutecznych, integracyjnych i elastycznych polityk rynku pracy w ca\u0142ej UE.<\/p>\n\t\t\t\t\t\t\t\t<\/div>\n\t\t\t\t<\/div>\n\t\t\t\t<\/div>\n\t\t<div class=\"elementor-element elementor-element-bf94230 e-con-full e-transform e-flex e-con e-child\" data-id=\"bf94230\" data-element_type=\"container\" data-settings=\"{&quot;_transform_translateX_effect&quot;:{&quot;unit&quot;:&quot;px&quot;,&quot;size&quot;:100,&quot;sizes&quot;:[]},&quot;_transform_translateX_effect_mobile&quot;:{&quot;unit&quot;:&quot;px&quot;,&quot;size&quot;:0,&quot;sizes&quot;:[]},&quot;_transform_translateY_effect&quot;:{&quot;unit&quot;:&quot;px&quot;,&quot;size&quot;:50,&quot;sizes&quot;:[]},&quot;_transform_translateY_effect_mobile&quot;:{&quot;unit&quot;:&quot;px&quot;,&quot;size&quot;:0,&quot;sizes&quot;:[]},&quot;_transform_translateX_effect_tablet&quot;:{&quot;unit&quot;:&quot;px&quot;,&quot;size&quot;:&quot;&quot;,&quot;sizes&quot;:[]},&quot;_transform_translateY_effect_tablet&quot;:{&quot;unit&quot;:&quot;px&quot;,&quot;size&quot;:&quot;&quot;,&quot;sizes&quot;:[]}}\">\n\t\t\t\t<div class=\"elementor-element elementor-element-0a94754 elementor-hidden-desktop elementor-hidden-tablet elementor-widget elementor-widget-heading\" data-id=\"0a94754\" data-element_type=\"widget\" data-widget_type=\"heading.default\">\n\t\t\t\t<div class=\"elementor-widget-container\">\n\t\t\t\t\t<h2 class=\"elementor-heading-title elementor-size-default\">Wyzwanie<\/h2>\t\t\t\t<\/div>\n\t\t\t\t<\/div>\n\t\t\t\t<div class=\"elementor-element elementor-element-913d5ae elementor-widget__width-initial elementor-widget elementor-widget-image\" data-id=\"913d5ae\" data-element_type=\"widget\" data-widget_type=\"image.default\">\n\t\t\t\t<div class=\"elementor-widget-container\">\n\t\t\t\t\t\t\t\t\t\t\t\t\t\t\t<img decoding=\"async\" width=\"1106\" height=\"1102\" src=\"https:\/\/eu-almpo.eu\/wp-content\/uploads\/2025\/02\/about2.png\" class=\"attachment-full size-full wp-image-1231\" alt=\"\" srcset=\"https:\/\/eu-almpo.eu\/wp-content\/uploads\/2025\/02\/about2.png 1106w, https:\/\/eu-almpo.eu\/wp-content\/uploads\/2025\/02\/about2-300x300.png 300w, https:\/\/eu-almpo.eu\/wp-content\/uploads\/2025\/02\/about2-1024x1020.png 1024w, https:\/\/eu-almpo.eu\/wp-content\/uploads\/2025\/02\/about2-150x150.png 150w, https:\/\/eu-almpo.eu\/wp-content\/uploads\/2025\/02\/about2-768x765.png 768w\" sizes=\"(max-width: 1106px) 100vw, 1106px\" \/>\t\t\t\t\t\t\t\t\t\t\t\t\t\t\t<\/div>\n\t\t\t\t<\/div>\n\t\t\t\t<\/div>\n\t\t\t\t<\/div>\n\t\t\t\t\t<\/div>\n\t\t\t\t<\/div>\n\t\t<div class=\"elementor-element elementor-element-89d30b7 e-flex e-con-boxed e-con e-parent\" data-id=\"89d30b7\" data-element_type=\"container\">\n\t\t\t\t\t<div class=\"e-con-inner\">\n\t\t<div class=\"elementor-element elementor-element-f671770 e-con-full e-flex e-con e-child\" data-id=\"f671770\" data-element_type=\"container\">\n\t\t\t\t<div class=\"elementor-element elementor-element-d4cf45a elementor-widget elementor-widget-image\" data-id=\"d4cf45a\" data-element_type=\"widget\" data-widget_type=\"image.default\">\n\t\t\t\t<div class=\"elementor-widget-container\">\n\t\t\t\t\t\t\t\t\t\t\t\t\t\t\t<img decoding=\"async\" width=\"1158\" height=\"1620\" src=\"https:\/\/eu-almpo.eu\/wp-content\/uploads\/2025\/02\/about4.png\" class=\"attachment-full size-full wp-image-1236\" alt=\"\" srcset=\"https:\/\/eu-almpo.eu\/wp-content\/uploads\/2025\/02\/about4.png 1158w, https:\/\/eu-almpo.eu\/wp-content\/uploads\/2025\/02\/about4-214x300.png 214w, https:\/\/eu-almpo.eu\/wp-content\/uploads\/2025\/02\/about4-732x1024.png 732w, https:\/\/eu-almpo.eu\/wp-content\/uploads\/2025\/02\/about4-768x1074.png 768w, https:\/\/eu-almpo.eu\/wp-content\/uploads\/2025\/02\/about4-1098x1536.png 1098w\" sizes=\"(max-width: 1158px) 100vw, 1158px\" \/>\t\t\t\t\t\t\t\t\t\t\t\t\t\t\t<\/div>\n\t\t\t\t<\/div>\n\t\t\t\t<\/div>\n\t\t<div class=\"elementor-element elementor-element-b61c579 e-con-full e-flex e-con e-child\" data-id=\"b61c579\" data-element_type=\"container\">\n\t\t\t\t<div class=\"elementor-element elementor-element-019d96c elementor-hidden-mobile elementor-widget elementor-widget-spacer\" data-id=\"019d96c\" data-element_type=\"widget\" data-widget_type=\"spacer.default\">\n\t\t\t\t<div class=\"elementor-widget-container\">\n\t\t\t\t\t\t\t<div class=\"elementor-spacer\">\n\t\t\t<div class=\"elementor-spacer-inner\"><\/div>\n\t\t<\/div>\n\t\t\t\t\t\t<\/div>\n\t\t\t\t<\/div>\n\t\t\t\t<div class=\"elementor-element elementor-element-f31e61a elementor-widget elementor-widget-heading\" data-id=\"f31e61a\" data-element_type=\"widget\" data-widget_type=\"heading.default\">\n\t\t\t\t<div class=\"elementor-widget-container\">\n\t\t\t\t\t<h2 class=\"elementor-heading-title elementor-size-default\">Cele<\/h2>\t\t\t\t<\/div>\n\t\t\t\t<\/div>\n\t\t\t\t<div class=\"elementor-element elementor-element-a98105e elementor-align-start elementor-icon-list--layout-traditional elementor-list-item-link-full_width elementor-widget elementor-widget-icon-list\" data-id=\"a98105e\" data-element_type=\"widget\" data-widget_type=\"icon-list.default\">\n\t\t\t\t<div class=\"elementor-widget-container\">\n\t\t\t\t\t\t\t<ul class=\"elementor-icon-list-items\">\n\t\t\t\t\t\t\t<li class=\"elementor-icon-list-item\">\n\t\t\t\t\t\t\t\t\t\t\t<span class=\"elementor-icon-list-icon\">\n\t\t\t\t\t\t\t<i aria-hidden=\"true\" class=\"far fa-dot-circle\"><\/i>\t\t\t\t\t\t<\/span>\n\t\t\t\t\t\t\t\t\t\t<span class=\"elementor-icon-list-text\">Zrozumienie z\u0142o\u017cono\u015bci skuteczno\u015bci polityki rynku pracy poprzez gromadzenie i analiz\u0119 dowod\u00f3w.<\/span>\n\t\t\t\t\t\t\t\t\t<\/li>\n\t\t\t\t\t\t\t\t<li class=\"elementor-icon-list-item\">\n\t\t\t\t\t\t\t\t\t\t\t<span class=\"elementor-icon-list-icon\">\n\t\t\t\t\t\t\t<i aria-hidden=\"true\" class=\"far fa-dot-circle\"><\/i>\t\t\t\t\t\t<\/span>\n\t\t\t\t\t\t\t\t\t\t<span class=\"elementor-icon-list-text\">Analiza podej\u015b\u0107 poprzez zaanga\u017cowanie interesariuszy na poziomie NUTS i sektorowym w proces wsp\u00f3\u0142projektowania strategii umiej\u0119tno\u015bci (spo\u0142eczno\u015b\u0107 praktyk\u00f3w, studia przypadk\u00f3w).<\/span>\n\t\t\t\t\t\t\t\t\t<\/li>\n\t\t\t\t\t\t\t\t<li class=\"elementor-icon-list-item\">\n\t\t\t\t\t\t\t\t\t\t\t<span class=\"elementor-icon-list-icon\">\n\t\t\t\t\t\t\t<i aria-hidden=\"true\" class=\"far fa-dot-circle\"><\/i>\t\t\t\t\t\t<\/span>\n\t\t\t\t\t\t\t\t\t\t<span class=\"elementor-icon-list-text\">Opracowanie przez ekspert\u00f3w samowystarczalnego systemu uczenia maszynowego do analizy dowod\u00f3w skuteczno\u015bci ALMP.<\/span>\n\t\t\t\t\t\t\t\t\t<\/li>\n\t\t\t\t\t\t\t\t<li class=\"elementor-icon-list-item\">\n\t\t\t\t\t\t\t\t\t\t\t<span class=\"elementor-icon-list-icon\">\n\t\t\t\t\t\t\t<i aria-hidden=\"true\" class=\"far fa-dot-circle\"><\/i>\t\t\t\t\t\t<\/span>\n\t\t\t\t\t\t\t\t\t\t<span class=\"elementor-icon-list-text\">Opracowanie inteligentnego narz\u0119dzia w celu wype\u0142nienia luki mi\u0119dzy popytem na prac\u0119 a poda\u017c\u0105 poprzez wykorzystanie kluczowych danych wej\u015bciowych dla decydent\u00f3w w trakcie cyklu gospodarczego.<\/span>\n\t\t\t\t\t\t\t\t\t<\/li>\n\t\t\t\t\t\t\t\t<li class=\"elementor-icon-list-item\">\n\t\t\t\t\t\t\t\t\t\t\t<span class=\"elementor-icon-list-icon\">\n\t\t\t\t\t\t\t<i aria-hidden=\"true\" class=\"far fa-dot-circle\"><\/i>\t\t\t\t\t\t<\/span>\n\t\t\t\t\t\t\t\t\t\t<span class=\"elementor-icon-list-text\">Opracowanie kontekstowego (wysokie\/niskie bezrobocie; miejsca pracy wymagaj\u0105ce wysokich\/niskich kwalifikacji) silnika rekomendacji dla: Indywidualnych \u015bcie\u017cek interwencji\/Projektowania polityki i zalece\u0144 dotycz\u0105cych jej wdra\u017cania.<\/span>\n\t\t\t\t\t\t\t\t\t<\/li>\n\t\t\t\t\t\t\t\t<li class=\"elementor-icon-list-item\">\n\t\t\t\t\t\t\t\t\t\t\t<span class=\"elementor-icon-list-icon\">\n\t\t\t\t\t\t\t<i aria-hidden=\"true\" class=\"far fa-dot-circle\"><\/i>\t\t\t\t\t\t<\/span>\n\t\t\t\t\t\t\t\t\t\t<span class=\"elementor-icon-list-text\">Eksperymentowanie z innowacyjnymi podej\u015bciami do strategii i rozwoju umiej\u0119tno\u015bci.<\/span>\n\t\t\t\t\t\t\t\t\t<\/li>\n\t\t\t\t\t\t\t\t<li class=\"elementor-icon-list-item\">\n\t\t\t\t\t\t\t\t\t\t\t<span class=\"elementor-icon-list-icon\">\n\t\t\t\t\t\t\t<i aria-hidden=\"true\" class=\"far fa-dot-circle\"><\/i>\t\t\t\t\t\t<\/span>\n\t\t\t\t\t\t\t\t\t\t<span class=\"elementor-icon-list-text\">Partycypacyjny rozw\u00f3j i dostrajanie ALMP oraz projektowanie polityki umiej\u0119tno\u015bci.<\/span>\n\t\t\t\t\t\t\t\t\t<\/li>\n\t\t\t\t\t\t<\/ul>\n\t\t\t\t\t\t<\/div>\n\t\t\t\t<\/div>\n\t\t\t\t<\/div>\n\t\t\t\t\t<\/div>\n\t\t\t\t<\/div>\n\t\t<div class=\"elementor-element elementor-element-c55b6a5 e-flex e-con-boxed e-con e-parent\" data-id=\"c55b6a5\" data-element_type=\"container\">\n\t\t\t\t\t<div class=\"e-con-inner\">\n\t\t\t\t<div class=\"elementor-element elementor-element-bb06675 elementor-widget elementor-widget-spacer\" data-id=\"bb06675\" data-element_type=\"widget\" data-widget_type=\"spacer.default\">\n\t\t\t\t<div class=\"elementor-widget-container\">\n\t\t\t\t\t\t\t<div class=\"elementor-spacer\">\n\t\t\t<div class=\"elementor-spacer-inner\"><\/div>\n\t\t<\/div>\n\t\t\t\t\t\t<\/div>\n\t\t\t\t<\/div>\n\t\t\t\t\t<\/div>\n\t\t\t\t<\/div>\n\t\t\t\t<\/div>\n\t\t","protected":false},"excerpt":{"rendered":"<p>O projekcie Cel EU ALMP Observatory (EU-ALMPO) to nowa inicjatywa maj\u0105ca na celu popraw\u0119 rozwoju, wdra\u017cania i oceny aktywnych polityk rynku pracy (ALMP) w pa\u0144stwach cz\u0142onkowskich UE. Jej celem jest wyeliminowanie istniej\u0105cych niedoci\u0105gni\u0119\u0107 w interwencjach na rynku pracy poprzez zapewnienie scentralizowanych ram dla decydent\u00f3w. Obserwatorium b\u0119dzie wykorzystywa\u0107 zaawansowane narz\u0119dzia sztucznej inteligencji i scentralizowan\u0105 platform\u0119 informatyczn\u0105, [&hellip;]<\/p>\n","protected":false},"author":4,"featured_media":0,"parent":0,"menu_order":0,"comment_status":"closed","ping_status":"closed","template":"","meta":{"footnotes":""},"class_list":["post-1660","page","type-page","status-publish","hentry"],"_links":{"self":[{"href":"https:\/\/eu-almpo.eu\/pl\/wp-json\/wp\/v2\/pages\/1660","targetHints":{"allow":["GET"]}}],"collection":[{"href":"https:\/\/eu-almpo.eu\/pl\/wp-json\/wp\/v2\/pages"}],"about":[{"href":"https:\/\/eu-almpo.eu\/pl\/wp-json\/wp\/v2\/types\/page"}],"author":[{"embeddable":true,"href":"https:\/\/eu-almpo.eu\/pl\/wp-json\/wp\/v2\/users\/4"}],"replies":[{"embeddable":true,"href":"https:\/\/eu-almpo.eu\/pl\/wp-json\/wp\/v2\/comments?post=1660"}],"version-history":[{"count":2,"href":"https:\/\/eu-almpo.eu\/pl\/wp-json\/wp\/v2\/pages\/1660\/revisions"}],"predecessor-version":[{"id":3277,"href":"https:\/\/eu-almpo.eu\/pl\/wp-json\/wp\/v2\/pages\/1660\/revisions\/3277"}],"wp:attachment":[{"href":"https:\/\/eu-almpo.eu\/pl\/wp-json\/wp\/v2\/media?parent=1660"}],"curies":[{"name":"wp","href":"https:\/\/api.w.org\/{rel}","templated":true}]}}