{"id":1523,"date":"2025-06-25T08:25:56","date_gmt":"2025-06-25T08:25:56","guid":{"rendered":"https:\/\/eu-almpo.eu\/materialien\/"},"modified":"2026-01-19T09:48:35","modified_gmt":"2026-01-19T09:48:35","slug":"materialien","status":"publish","type":"page","link":"https:\/\/eu-almpo.eu\/de\/materialien\/","title":{"rendered":"Materialien"},"content":{"rendered":"\t\t<div data-elementor-type=\"wp-page\" data-elementor-id=\"1523\" class=\"elementor elementor-1523 elementor-466\" data-elementor-post-type=\"page\">\n\t\t\t\t<div class=\"elementor-element elementor-element-39de884 e-flex e-con-boxed e-con e-parent\" data-id=\"39de884\" data-element_type=\"container\">\n\t\t\t\t\t<div class=\"e-con-inner\">\n\t\t\t\t<div class=\"elementor-element elementor-element-79eba42 elementor-widget elementor-widget-spacer\" data-id=\"79eba42\" data-element_type=\"widget\" data-widget_type=\"spacer.default\">\n\t\t\t\t<div class=\"elementor-widget-container\">\n\t\t\t\t\t\t\t<div class=\"elementor-spacer\">\n\t\t\t<div class=\"elementor-spacer-inner\"><\/div>\n\t\t<\/div>\n\t\t\t\t\t\t<\/div>\n\t\t\t\t<\/div>\n\t\t\t\t<div class=\"elementor-element elementor-element-b2817be elementor-widget elementor-widget-heading\" data-id=\"b2817be\" data-element_type=\"widget\" data-widget_type=\"heading.default\">\n\t\t\t\t<div class=\"elementor-widget-container\">\n\t\t\t\t\t<h2 class=\"elementor-heading-title elementor-size-default\">Materialien<\/h2>\t\t\t\t<\/div>\n\t\t\t\t<\/div>\n\t\t\t\t<div class=\"elementor-element elementor-element-683ee56 elementor-widget elementor-widget-text-editor\" data-id=\"683ee56\" data-element_type=\"widget\" data-widget_type=\"text-editor.default\">\n\t\t\t\t<div class=\"elementor-widget-container\">\n\t\t\t\t\t\t\t\t\t<p>Greifen Sie auf eine Vielzahl wertvoller Materialien zu, die die Ziele und Ergebnisse des EU-ALMPO-Projekts veranschaulichen.<\/p>\n<p>Von digitalen Informationsflyern \u00fcber Newsletter bis hin zu weiteren Ressourcen bietet dieser Bereich umfassende Einblicke in die Aktivit\u00e4ten und Resultate des Projekts. Bleiben Sie zudem stets \u00fcber unsere neuesten Entwicklungen und Ver\u00f6ffentlichungen informiert.<\/p>\n\t\t\t\t\t\t\t\t<\/div>\n\t\t\t\t<\/div>\n\t\t<div class=\"elementor-element elementor-element-bc0af4f e-con-full e-flex e-con e-child\" data-id=\"bc0af4f\" data-element_type=\"container\" data-settings=\"{&quot;background_background&quot;:&quot;classic&quot;}\">\n\t\t<div class=\"elementor-element elementor-element-a09bdca e-con-full e-flex e-con e-child\" data-id=\"a09bdca\" data-element_type=\"container\">\n\t\t\t\t<div class=\"elementor-element elementor-element-ae0c250 elementor-widget elementor-widget-image\" data-id=\"ae0c250\" data-element_type=\"widget\" data-widget_type=\"image.default\">\n\t\t\t\t<div class=\"elementor-widget-container\">\n\t\t\t\t\t\t\t\t\t\t\t\t\t\t\t\t<a href=\"https:\/\/eu-almpo.eu\/wp-content\/uploads\/2025\/09\/DE_EU-ALMPO_leaflet_compressed.pdf\" target=\"_blank\">\n\t\t\t\t\t\t\t<img fetchpriority=\"high\" decoding=\"async\" width=\"1000\" height=\"1000\" src=\"https:\/\/eu-almpo.eu\/wp-content\/uploads\/2025\/09\/DE_EU-ALMPO_leaflet_mockup.png\" class=\"attachment-full size-full wp-image-2246\" alt=\"\" srcset=\"https:\/\/eu-almpo.eu\/wp-content\/uploads\/2025\/09\/DE_EU-ALMPO_leaflet_mockup.png 1000w, https:\/\/eu-almpo.eu\/wp-content\/uploads\/2025\/09\/DE_EU-ALMPO_leaflet_mockup-300x300.png 300w, https:\/\/eu-almpo.eu\/wp-content\/uploads\/2025\/09\/DE_EU-ALMPO_leaflet_mockup-150x150.png 150w, https:\/\/eu-almpo.eu\/wp-content\/uploads\/2025\/09\/DE_EU-ALMPO_leaflet_mockup-768x768.png 768w, https:\/\/eu-almpo.eu\/wp-content\/uploads\/2025\/09\/DE_EU-ALMPO_leaflet_mockup-700x700.png 700w\" sizes=\"(max-width: 1000px) 100vw, 1000px\" \/>\t\t\t\t\t\t\t\t<\/a>\n\t\t\t\t\t\t\t\t\t\t\t\t\t\t\t<\/div>\n\t\t\t\t<\/div>\n\t\t\t\t<div class=\"elementor-element elementor-element-62b53ea elementor-widget elementor-widget-heading\" data-id=\"62b53ea\" data-element_type=\"widget\" data-widget_type=\"heading.default\">\n\t\t\t\t<div class=\"elementor-widget-container\">\n\t\t\t\t\t<h3 class=\"elementor-heading-title elementor-size-default\">Flugblatt<\/h3>\t\t\t\t<\/div>\n\t\t\t\t<\/div>\n\t\t\t\t<\/div>\n\t\t<div class=\"elementor-element elementor-element-0b1b341 e-con-full e-flex e-con e-child\" data-id=\"0b1b341\" data-element_type=\"container\">\n\t\t\t\t<div class=\"elementor-element elementor-element-db84438 elementor-widget elementor-widget-image\" data-id=\"db84438\" data-element_type=\"widget\" data-widget_type=\"image.default\">\n\t\t\t\t<div class=\"elementor-widget-container\">\n\t\t\t\t\t\t\t\t\t\t\t\t\t\t\t\t<a href=\"https:\/\/eu-almpo.eu\/wp-content\/uploads\/2025\/09\/DE_EU-ALMPO_poster_compressed.pdf\" target=\"_blank\">\n\t\t\t\t\t\t\t<img decoding=\"async\" width=\"1000\" height=\"1000\" src=\"https:\/\/eu-almpo.eu\/wp-content\/uploads\/2025\/09\/DE_EU-ALMPO_poster_mockup.png\" class=\"attachment-full size-full wp-image-2228\" alt=\"\" srcset=\"https:\/\/eu-almpo.eu\/wp-content\/uploads\/2025\/09\/DE_EU-ALMPO_poster_mockup.png 1000w, https:\/\/eu-almpo.eu\/wp-content\/uploads\/2025\/09\/DE_EU-ALMPO_poster_mockup-300x300.png 300w, https:\/\/eu-almpo.eu\/wp-content\/uploads\/2025\/09\/DE_EU-ALMPO_poster_mockup-150x150.png 150w, https:\/\/eu-almpo.eu\/wp-content\/uploads\/2025\/09\/DE_EU-ALMPO_poster_mockup-768x768.png 768w, https:\/\/eu-almpo.eu\/wp-content\/uploads\/2025\/09\/DE_EU-ALMPO_poster_mockup-700x700.png 700w\" sizes=\"(max-width: 1000px) 100vw, 1000px\" \/>\t\t\t\t\t\t\t\t<\/a>\n\t\t\t\t\t\t\t\t\t\t\t\t\t\t\t<\/div>\n\t\t\t\t<\/div>\n\t\t\t\t<div class=\"elementor-element elementor-element-70d679b elementor-widget elementor-widget-heading\" data-id=\"70d679b\" data-element_type=\"widget\" data-widget_type=\"heading.default\">\n\t\t\t\t<div class=\"elementor-widget-container\">\n\t\t\t\t\t<h3 class=\"elementor-heading-title elementor-size-default\">Plakat<\/h3>\t\t\t\t<\/div>\n\t\t\t\t<\/div>\n\t\t\t\t<\/div>\n\t\t\t\t<\/div>\n\t\t\t\t<div class=\"elementor-element elementor-element-fd1b666 elementor-widget elementor-widget-spacer\" data-id=\"fd1b666\" data-element_type=\"widget\" data-widget_type=\"spacer.default\">\n\t\t\t\t<div class=\"elementor-widget-container\">\n\t\t\t\t\t\t\t<div class=\"elementor-spacer\">\n\t\t\t<div class=\"elementor-spacer-inner\"><\/div>\n\t\t<\/div>\n\t\t\t\t\t\t<\/div>\n\t\t\t\t<\/div>\n\t\t\t\t<div class=\"elementor-element elementor-element-58ac0f8 elementor-widget elementor-widget-heading\" data-id=\"58ac0f8\" data-element_type=\"widget\" data-widget_type=\"heading.default\">\n\t\t\t\t<div class=\"elementor-widget-container\">\n\t\t\t\t\t<h4 class=\"elementor-heading-title elementor-size-default\">Promo Video<\/h4>\t\t\t\t<\/div>\n\t\t\t\t<\/div>\n\t\t\t\t<div class=\"elementor-element elementor-element-608a964 elementor-widget elementor-widget-video\" data-id=\"608a964\" data-element_type=\"widget\" data-settings=\"{&quot;youtube_url&quot;:&quot;https:\\\/\\\/www.youtube.com\\\/watch?v=JDt7vdY2A3A&quot;,&quot;video_type&quot;:&quot;youtube&quot;,&quot;controls&quot;:&quot;yes&quot;}\" data-widget_type=\"video.default\">\n\t\t\t\t<div class=\"elementor-widget-container\">\n\t\t\t\t\t\t\t<div class=\"elementor-wrapper elementor-open-inline\">\n\t\t\t<div class=\"elementor-video\"><\/div>\t\t<\/div>\n\t\t\t\t\t\t<\/div>\n\t\t\t\t<\/div>\n\t\t\t\t<div class=\"elementor-element elementor-element-c0f167e elementor-widget elementor-widget-spacer\" data-id=\"c0f167e\" data-element_type=\"widget\" data-widget_type=\"spacer.default\">\n\t\t\t\t<div class=\"elementor-widget-container\">\n\t\t\t\t\t\t\t<div class=\"elementor-spacer\">\n\t\t\t<div class=\"elementor-spacer-inner\"><\/div>\n\t\t<\/div>\n\t\t\t\t\t\t<\/div>\n\t\t\t\t<\/div>\n\t\t\t\t\t<\/div>\n\t\t\t\t<\/div>\n\t\t<div class=\"elementor-element elementor-element-62d3737 e-flex e-con-boxed e-con e-parent\" data-id=\"62d3737\" data-element_type=\"container\">\n\t\t\t\t\t<div class=\"e-con-inner\">\n\t\t\t\t<div class=\"elementor-element elementor-element-426c937 elementor-widget elementor-widget-heading\" data-id=\"426c937\" data-element_type=\"widget\" data-widget_type=\"heading.default\">\n\t\t\t\t<div class=\"elementor-widget-container\">\n\t\t\t\t\t<h4 class=\"elementor-heading-title elementor-size-default\">Podcasts<\/h4>\t\t\t\t<\/div>\n\t\t\t\t<\/div>\n\t\t<div class=\"elementor-element elementor-element-08fda45 e-con-full e-flex e-con e-child\" data-id=\"08fda45\" data-element_type=\"container\">\n\t\t<div class=\"elementor-element elementor-element-53649c3 e-con-full e-flex e-con e-child\" data-id=\"53649c3\" data-element_type=\"container\">\n\t\t\t\t<div class=\"elementor-element elementor-element-04e8f2b elementor-widget elementor-widget-html\" data-id=\"04e8f2b\" data-element_type=\"widget\" data-widget_type=\"html.default\">\n\t\t\t\t<div class=\"elementor-widget-container\">\n\t\t\t\t\t<iframe data-testid=\"embed-iframe\" style=\"border-radius:12px\" src=\"https:\/\/open.spotify.com\/embed\/episode\/3ZRhwS0f0yV8V88pbFSy0b?utm_source=generator&theme=0\" width=\"100%\" height=\"352\" frameBorder=\"0\" allowfullscreen=\"\" allow=\"autoplay; clipboard-write; encrypted-media; fullscreen; picture-in-picture\" loading=\"lazy\"><\/iframe>\t\t\t\t<\/div>\n\t\t\t\t<\/div>\n\t\t\t\t<\/div>\n\t\t<div class=\"elementor-element elementor-element-3060a0c e-con-full e-flex e-con e-child\" data-id=\"3060a0c\" data-element_type=\"container\">\n\t\t\t\t<\/div>\n\t\t\t\t<\/div>\n\t\t\t\t\t<\/div>\n\t\t\t\t<\/div>\n\t\t\t\t<\/div>\n\t\t","protected":false},"excerpt":{"rendered":"<p>Materialien Greifen Sie auf eine Vielzahl wertvoller Materialien zu, die die Ziele und Ergebnisse des EU-ALMPO-Projekts veranschaulichen. Von digitalen Informationsflyern \u00fcber Newsletter bis hin zu weiteren Ressourcen bietet dieser Bereich umfassende Einblicke in die Aktivit\u00e4ten und Resultate des Projekts. Bleiben Sie zudem stets \u00fcber unsere neuesten Entwicklungen und Ver\u00f6ffentlichungen informiert. Flugblatt Plakat Promo Video Podcasts<\/p>\n","protected":false},"author":4,"featured_media":0,"parent":0,"menu_order":0,"comment_status":"closed","ping_status":"closed","template":"","meta":{"footnotes":""},"class_list":["post-1523","page","type-page","status-publish","hentry"],"_links":{"self":[{"href":"https:\/\/eu-almpo.eu\/de\/wp-json\/wp\/v2\/pages\/1523","targetHints":{"allow":["GET"]}}],"collection":[{"href":"https:\/\/eu-almpo.eu\/de\/wp-json\/wp\/v2\/pages"}],"about":[{"href":"https:\/\/eu-almpo.eu\/de\/wp-json\/wp\/v2\/types\/page"}],"author":[{"embeddable":true,"href":"https:\/\/eu-almpo.eu\/de\/wp-json\/wp\/v2\/users\/4"}],"replies":[{"embeddable":true,"href":"https:\/\/eu-almpo.eu\/de\/wp-json\/wp\/v2\/comments?post=1523"}],"version-history":[{"count":22,"href":"https:\/\/eu-almpo.eu\/de\/wp-json\/wp\/v2\/pages\/1523\/revisions"}],"predecessor-version":[{"id":3586,"href":"https:\/\/eu-almpo.eu\/de\/wp-json\/wp\/v2\/pages\/1523\/revisions\/3586"}],"wp:attachment":[{"href":"https:\/\/eu-almpo.eu\/de\/wp-json\/wp\/v2\/media?parent=1523"}],"curies":[{"name":"wp","href":"https:\/\/api.w.org\/{rel}","templated":true}]}}